{"id":754,"date":"2022-06-21T17:22:06","date_gmt":"2022-06-21T15:22:06","guid":{"rendered":"http:\/\/localhost\/wpvacumit\/?page_id=754"},"modified":"2022-06-21T17:22:06","modified_gmt":"2022-06-21T15:22:06","slug":"sous-vide","status":"publish","type":"page","link":"https:\/\/vacumit.com\/en\/sous-vide\/","title":{"rendered":"Sous Vide"},"content":{"rendered":"<section class=\"section\" id=\"section_527218649\">\n\t\t<div class=\"section-bg fill\" >\n\t\t\t\t\t\t\t\t\t\n\t\t\t\n\n\t\t<\/div>\n\n\t\t\n\n\t\t<div class=\"section-content relative\">\n\t\t\t\n\n<div class=\"row\"  id=\"row-2096808403\">\n\n\n\t<div id=\"col-1634191242\" class=\"col small-12 large-12\"  >\n\t\t\t\t<div class=\"col-inner\"  >\n\t\t\t\n\t\t\t\n\n<div class=\"container section-title-container\" ><h3 class=\"section-title section-title-bold-center\"><b aria-hidden=\"true\"><\/b><span class=\"section-title-main\" >Was ist Sous Vide?<\/span><b aria-hidden=\"true\"><\/b><\/h3><\/div>\n\n\n\t\t<\/div>\n\t\t\t\t\t<\/div>\n\n\t\n\n\t<div id=\"col-137370772\" class=\"col small-12 large-12\"  data-animate=\"fadeInLeft\">\n\t\t\t\t<div class=\"col-inner\"  >\n\t\t\t\n\t\t\t\n\n\t<div id=\"text-2054982180\" class=\"text\">\n\t\t\n\n<h1><strong>VacuMIT<\/strong><strong> Standard Siegelrandbeutel <\/strong><\/h1>\n\t\t\n<style>\n#text-2054982180 {\n  text-align: left;\n}\n<\/style>\n\t<\/div>\n\t\n\n\t\t<\/div>\n\t\t\t\t\n<style>\n#col-137370772 > .col-inner {\n  margin: 0px 0px -20px 0px;\n}\n<\/style>\n\t<\/div>\n\n\t\n\n\t<div id=\"col-539750509\" class=\"col small-12 large-12\"  data-animate=\"fadeInLeft\">\n\t\t\t\t<div class=\"col-inner\"  >\n\t\t\t\n\t\t\t\n\n\t<div id=\"text-1355949256\" class=\"text\">\n\t\t\n\n<h1><strong>sind f\u00fcr <u>Sous Vide<\/u> ideal geeignet.<\/strong><\/h1>\n\t\t\n<style>\n#text-1355949256 {\n  text-align: center;\n}\n<\/style>\n\t<\/div>\n\t\n\n\t\t<\/div>\n\t\t\t\t\t<\/div>\n\n\t\n\n\t<div id=\"col-1638445\" class=\"col small-12 large-12\"  >\n\t\t\t\t<div class=\"col-inner\"  >\n\t\t\t\n\t\t\t\n\n<p>Durch Niedertemperatur-Garen (ca. 54\u00b0) tritt keine wertvolle Fl\u00fcssigkeit aus und das nat\u00fcrliche Aroma wird konzentriert. Alle Vitamine und N\u00e4hrstoffe bleiben komplett enthalten, es muss, wenn \u00fcberhaupt, nur wenig Salz verwendet werden. Fleisch wird superzart und Fisch bleibt erstklassig saftig. Ebenso Gem\u00fcse wird im VacuMIT-Vakuumbeutel schonend gegart.\u00a0Dieser Garvorgang dauert deutlich l\u00e4nger und man ben\u00f6tigt einen sehr guten Ofen oder Wasserbad mit einer konstanten Temperatur.<\/p>\n<p>Vacuum bag for the <strong>Sous-Vide<\/strong> VacuMIT offers kitchens in different sizes.<\/p>\n<p>Of course, the high-quality standard vacuum bags (70 my) from VacuMIT are food-safe, tasteless and odorless and suitable for use in the microwave and are therefore suitable for households and businesses.<\/p>\n<p>Please be sure to comply with all applicable hygiene regulations.<\/p>\n\n\t\t<\/div>\n\t\t\t\t\t<\/div>\n\n\t\n\n\t<div id=\"col-1936019148\" class=\"col small-12 large-12\"  >\n\t\t\t\t<div class=\"col-inner\"  >\n\t\t\t\n\t\t\t\n\n<p><strong><em>\u00dcbrigens:<\/em><\/strong><br \/><br \/>Wussten Sie, dass VacuMIT bei den \u201eeinfachen\u201c Maschinen im Gegensatz zu die meisten anderen Hersteller keine zeitgesteuerten Maschinen herstellen. Bei unseren Vacuum-Verpackungsmaschinen VacuFox, VacNany und allen LC-Modellen wird nach einem patentierten Verfahren das Vakuum ermittelt.<br \/><br \/>Ihr VacuMIT-Team<\/p>\n\n\t\t<\/div>\n\t\t\t\t\t<\/div>\n\n\t\n\n<\/div>\n\n\t\t<\/div>\n\n\t\t\n<style>\n#section_527218649 {\n  padding-top: 30px;\n  padding-bottom: 30px;\n}\n<\/style>\n\t<\/section>","protected":false},"excerpt":{"rendered":"","protected":false},"author":1,"featured_media":0,"parent":0,"menu_order":0,"comment_status":"closed","ping_status":"closed","template":"","meta":{"footnotes":""},"class_list":["post-754","page","type-page","status-publish","hentry"],"yoast_head":"<!-- This site is optimized with the Yoast SEO plugin v27.5 - https:\/\/yoast.com\/product\/yoast-seo-wordpress\/ -->\n<title>Sous Vide - VacuMIT Maschinenbau GmbH<\/title>\n<meta name=\"robots\" content=\"index, follow, max-snippet:-1, max-image-preview:large, max-video-preview:-1\" \/>\n<link rel=\"canonical\" href=\"https:\/\/vacumit.com\/en\/sous-vide\/\" \/>\n<meta property=\"og:locale\" content=\"en_GB\" \/>\n<meta property=\"og:type\" content=\"article\" \/>\n<meta property=\"og:title\" content=\"Sous Vide - VacuMIT Maschinenbau GmbH\" \/>\n<meta property=\"og:url\" content=\"https:\/\/vacumit.com\/en\/sous-vide\/\" \/>\n<meta property=\"og:site_name\" content=\"VacuMIT Maschinenbau GmbH\" \/>\n<meta name=\"twitter:card\" content=\"summary_large_image\" \/>\n<meta name=\"twitter:label1\" content=\"Estimated reading time\" \/>\n\t<meta name=\"twitter:data1\" content=\"1 minute\" \/>\n<script type=\"application\/ld+json\" class=\"yoast-schema-graph\">{\"@context\":\"https:\\\/\\\/schema.org\",\"@graph\":[{\"@type\":\"WebPage\",\"@id\":\"https:\\\/\\\/vacumit.com\\\/sous-vide\\\/\",\"url\":\"https:\\\/\\\/vacumit.com\\\/sous-vide\\\/\",\"name\":\"Sous Vide - VacuMIT Maschinenbau GmbH\",\"isPartOf\":{\"@id\":\"https:\\\/\\\/vacumit.com\\\/#website\"},\"datePublished\":\"2022-06-21T15:22:06+00:00\",\"breadcrumb\":{\"@id\":\"https:\\\/\\\/vacumit.com\\\/sous-vide\\\/#breadcrumb\"},\"inLanguage\":\"en-GB\",\"potentialAction\":[{\"@type\":\"ReadAction\",\"target\":[\"https:\\\/\\\/vacumit.com\\\/sous-vide\\\/\"]}]},{\"@type\":\"BreadcrumbList\",\"@id\":\"https:\\\/\\\/vacumit.com\\\/sous-vide\\\/#breadcrumb\",\"itemListElement\":[{\"@type\":\"ListItem\",\"position\":1,\"name\":\"Startseite\",\"item\":\"https:\\\/\\\/vacumit.com\\\/\"},{\"@type\":\"ListItem\",\"position\":2,\"name\":\"Sous Vide\"}]},{\"@type\":\"WebSite\",\"@id\":\"https:\\\/\\\/vacumit.com\\\/#website\",\"url\":\"https:\\\/\\\/vacumit.com\\\/\",\"name\":\"VacuMIT Maschinenbau GmbH\",\"description\":\"innovativ, zuverl\u00e4ssig &amp; solide\",\"publisher\":{\"@id\":\"https:\\\/\\\/vacumit.com\\\/#organization\"},\"potentialAction\":[{\"@type\":\"SearchAction\",\"target\":{\"@type\":\"EntryPoint\",\"urlTemplate\":\"https:\\\/\\\/vacumit.com\\\/?s={search_term_string}\"},\"query-input\":{\"@type\":\"PropertyValueSpecification\",\"valueRequired\":true,\"valueName\":\"search_term_string\"}}],\"inLanguage\":\"en-GB\"},{\"@type\":\"Organization\",\"@id\":\"https:\\\/\\\/vacumit.com\\\/#organization\",\"name\":\"VacuMIT Maschinenbau GmbH\",\"url\":\"https:\\\/\\\/vacumit.com\\\/\",\"logo\":{\"@type\":\"ImageObject\",\"inLanguage\":\"en-GB\",\"@id\":\"https:\\\/\\\/vacumit.com\\\/#\\\/schema\\\/logo\\\/image\\\/\",\"url\":\"https:\\\/\\\/vacumit.com\\\/wp-content\\\/uploads\\\/2022\\\/07\\\/vacuMIT-Logo2.png\",\"contentUrl\":\"https:\\\/\\\/vacumit.com\\\/wp-content\\\/uploads\\\/2022\\\/07\\\/vacuMIT-Logo2.png\",\"width\":260,\"height\":47,\"caption\":\"VacuMIT Maschinenbau GmbH\"},\"image\":{\"@id\":\"https:\\\/\\\/vacumit.com\\\/#\\\/schema\\\/logo\\\/image\\\/\"}}]}<\/script>\n<!-- \/ Yoast SEO plugin. -->","yoast_head_json":{"title":"Sous Vide - VacuMIT Maschinenbau GmbH","robots":{"index":"index","follow":"follow","max-snippet":"max-snippet:-1","max-image-preview":"max-image-preview:large","max-video-preview":"max-video-preview:-1"},"canonical":"https:\/\/vacumit.com\/en\/sous-vide\/","og_locale":"en_GB","og_type":"article","og_title":"Sous Vide - VacuMIT Maschinenbau GmbH","og_url":"https:\/\/vacumit.com\/en\/sous-vide\/","og_site_name":"VacuMIT Maschinenbau GmbH","twitter_card":"summary_large_image","twitter_misc":{"Estimated reading time":"1 minute"},"schema":{"@context":"https:\/\/schema.org","@graph":[{"@type":"WebPage","@id":"https:\/\/vacumit.com\/sous-vide\/","url":"https:\/\/vacumit.com\/sous-vide\/","name":"Sous Vide - VacuMIT Maschinenbau GmbH","isPartOf":{"@id":"https:\/\/vacumit.com\/#website"},"datePublished":"2022-06-21T15:22:06+00:00","breadcrumb":{"@id":"https:\/\/vacumit.com\/sous-vide\/#breadcrumb"},"inLanguage":"en-GB","potentialAction":[{"@type":"ReadAction","target":["https:\/\/vacumit.com\/sous-vide\/"]}]},{"@type":"BreadcrumbList","@id":"https:\/\/vacumit.com\/sous-vide\/#breadcrumb","itemListElement":[{"@type":"ListItem","position":1,"name":"Startseite","item":"https:\/\/vacumit.com\/"},{"@type":"ListItem","position":2,"name":"Sous Vide"}]},{"@type":"WebSite","@id":"https:\/\/vacumit.com\/#website","url":"https:\/\/vacumit.com\/","name":"VacuMIT Maschinenbau GmbH","description":"innovative, reliable &amp; solid","publisher":{"@id":"https:\/\/vacumit.com\/#organization"},"potentialAction":[{"@type":"SearchAction","target":{"@type":"EntryPoint","urlTemplate":"https:\/\/vacumit.com\/?s={search_term_string}"},"query-input":{"@type":"PropertyValueSpecification","valueRequired":true,"valueName":"search_term_string"}}],"inLanguage":"en-GB"},{"@type":"Organization","@id":"https:\/\/vacumit.com\/#organization","name":"VacuMIT Maschinenbau GmbH","url":"https:\/\/vacumit.com\/","logo":{"@type":"ImageObject","inLanguage":"en-GB","@id":"https:\/\/vacumit.com\/#\/schema\/logo\/image\/","url":"https:\/\/vacumit.com\/wp-content\/uploads\/2022\/07\/vacuMIT-Logo2.png","contentUrl":"https:\/\/vacumit.com\/wp-content\/uploads\/2022\/07\/vacuMIT-Logo2.png","width":260,"height":47,"caption":"VacuMIT Maschinenbau GmbH"},"image":{"@id":"https:\/\/vacumit.com\/#\/schema\/logo\/image\/"}}]}},"_links":{"self":[{"href":"https:\/\/vacumit.com\/en\/wp-json\/wp\/v2\/pages\/754","targetHints":{"allow":["GET"]}}],"collection":[{"href":"https:\/\/vacumit.com\/en\/wp-json\/wp\/v2\/pages"}],"about":[{"href":"https:\/\/vacumit.com\/en\/wp-json\/wp\/v2\/types\/page"}],"author":[{"embeddable":true,"href":"https:\/\/vacumit.com\/en\/wp-json\/wp\/v2\/users\/1"}],"replies":[{"embeddable":true,"href":"https:\/\/vacumit.com\/en\/wp-json\/wp\/v2\/comments?post=754"}],"version-history":[{"count":2,"href":"https:\/\/vacumit.com\/en\/wp-json\/wp\/v2\/pages\/754\/revisions"}],"predecessor-version":[{"id":756,"href":"https:\/\/vacumit.com\/en\/wp-json\/wp\/v2\/pages\/754\/revisions\/756"}],"wp:attachment":[{"href":"https:\/\/vacumit.com\/en\/wp-json\/wp\/v2\/media?parent=754"}],"curies":[{"name":"wp","href":"https:\/\/api.w.org\/{rel}","templated":true}]}}